{"id":5411,"date":"2013-12-24T04:31:24","date_gmt":"2013-12-24T04:31:24","guid":{"rendered":"http:\/\/kaiavillage.com\/pt-pt\/contact-us\/"},"modified":"2016-05-20T14:09:20","modified_gmt":"2016-05-20T14:09:20","slug":"contacte-nos","status":"publish","type":"page","link":"https:\/\/kaiavillage.com\/pt-pt\/contacte-nos\/","title":{"rendered":"Contacte-nos"},"content":{"rendered":"","protected":false},"excerpt":{"rendered":"","protected":false},"author":1,"featured_media":0,"parent":0,"menu_order":0,"comment_status":"closed","ping_status":"open","template":"","meta":{"footnotes":""},"class_list":["post-5411","page","type-page","status-publish","hentry"],"yoast_head":"<!-- This site is optimized with the Yoast SEO plugin v27.3 - https:\/\/yoast.com\/product\/yoast-seo-wordpress\/ -->\n<title>Alojamento de excel\u00eancia com servi\u00e7os inclu\u00eddos em Pemba | Contacte-nos | Kaia Village<\/title>\n<meta name=\"description\" content=\"Se procura alojamento com servi\u00e7os inclu\u00eddos numa agrad\u00e1vel localiza\u00e7\u00e3o em Pemba, Mo\u00e7ambique, convidamo-lo a entrar em contacto com um dos representantes da Kaia Village ainda hoje.\" \/>\n<meta name=\"robots\" content=\"index, follow, max-snippet:-1, max-image-preview:large, max-video-preview:-1\" \/>\n<link rel=\"canonical\" href=\"https:\/\/kaiavillage.com\/pt-pt\/contacte-nos\/\" \/>\n<meta property=\"og:locale\" content=\"pt_PT\" \/>\n<meta property=\"og:type\" content=\"article\" \/>\n<meta property=\"og:title\" content=\"Alojamento de excel\u00eancia com servi\u00e7os inclu\u00eddos em Pemba | Contacte-nos | Kaia Village\" \/>\n<meta property=\"og:description\" content=\"Se procura alojamento com servi\u00e7os inclu\u00eddos numa agrad\u00e1vel localiza\u00e7\u00e3o em Pemba, Mo\u00e7ambique, convidamo-lo a entrar em contacto com um dos representantes da Kaia Village ainda hoje.\" \/>\n<meta property=\"og:url\" content=\"https:\/\/kaiavillage.com\/pt-pt\/contacte-nos\/\" \/>\n<meta property=\"og:site_name\" content=\"KAIA\" \/>\n<meta property=\"article:modified_time\" content=\"2016-05-20T14:09:20+00:00\" \/>\n<meta name=\"twitter:card\" content=\"summary_large_image\" \/>\n<script type=\"application\/ld+json\" class=\"yoast-schema-graph\">{\"@context\":\"https:\\\/\\\/schema.org\",\"@graph\":[{\"@type\":\"WebPage\",\"@id\":\"https:\\\/\\\/kaiavillage.com\\\/pt-pt\\\/contacte-nos\\\/\",\"url\":\"https:\\\/\\\/kaiavillage.com\\\/pt-pt\\\/contacte-nos\\\/\",\"name\":\"Alojamento de excel\u00eancia com servi\u00e7os inclu\u00eddos em Pemba | Contacte-nos | Kaia Village\",\"isPartOf\":{\"@id\":\"https:\\\/\\\/kaiavillage.com\\\/#website\"},\"datePublished\":\"2013-12-24T04:31:24+00:00\",\"dateModified\":\"2016-05-20T14:09:20+00:00\",\"description\":\"Se procura alojamento com servi\u00e7os inclu\u00eddos numa agrad\u00e1vel localiza\u00e7\u00e3o em Pemba, Mo\u00e7ambique, convidamo-lo a entrar em contacto com um dos representantes da Kaia Village ainda hoje.\",\"breadcrumb\":{\"@id\":\"https:\\\/\\\/kaiavillage.com\\\/pt-pt\\\/contacte-nos\\\/#breadcrumb\"},\"inLanguage\":\"pt-PT\",\"potentialAction\":[{\"@type\":\"ReadAction\",\"target\":[\"https:\\\/\\\/kaiavillage.com\\\/pt-pt\\\/contacte-nos\\\/\"]}]},{\"@type\":\"BreadcrumbList\",\"@id\":\"https:\\\/\\\/kaiavillage.com\\\/pt-pt\\\/contacte-nos\\\/#breadcrumb\",\"itemListElement\":[{\"@type\":\"ListItem\",\"position\":1,\"name\":\"Home\",\"item\":\"https:\\\/\\\/kaiavillage.com\\\/pt-pt\\\/\"},{\"@type\":\"ListItem\",\"position\":2,\"name\":\"Contacte-nos\"}]},{\"@type\":\"WebSite\",\"@id\":\"https:\\\/\\\/kaiavillage.com\\\/#website\",\"url\":\"https:\\\/\\\/kaiavillage.com\\\/\",\"name\":\"KAIA\",\"description\":\"\",\"potentialAction\":[{\"@type\":\"SearchAction\",\"target\":{\"@type\":\"EntryPoint\",\"urlTemplate\":\"https:\\\/\\\/kaiavillage.com\\\/?s={search_term_string}\"},\"query-input\":{\"@type\":\"PropertyValueSpecification\",\"valueRequired\":true,\"valueName\":\"search_term_string\"}}],\"inLanguage\":\"pt-PT\"}]}<\/script>\n<!-- \/ Yoast SEO plugin. -->","yoast_head_json":{"title":"Alojamento de excel\u00eancia com servi\u00e7os inclu\u00eddos em Pemba | Contacte-nos | Kaia Village","description":"Se procura alojamento com servi\u00e7os inclu\u00eddos numa agrad\u00e1vel localiza\u00e7\u00e3o em Pemba, Mo\u00e7ambique, convidamo-lo a entrar em contacto com um dos representantes da Kaia Village ainda hoje.","robots":{"index":"index","follow":"follow","max-snippet":"max-snippet:-1","max-image-preview":"max-image-preview:large","max-video-preview":"max-video-preview:-1"},"canonical":"https:\/\/kaiavillage.com\/pt-pt\/contacte-nos\/","og_locale":"pt_PT","og_type":"article","og_title":"Alojamento de excel\u00eancia com servi\u00e7os inclu\u00eddos em Pemba | Contacte-nos | Kaia Village","og_description":"Se procura alojamento com servi\u00e7os inclu\u00eddos numa agrad\u00e1vel localiza\u00e7\u00e3o em Pemba, Mo\u00e7ambique, convidamo-lo a entrar em contacto com um dos representantes da Kaia Village ainda hoje.","og_url":"https:\/\/kaiavillage.com\/pt-pt\/contacte-nos\/","og_site_name":"KAIA","article_modified_time":"2016-05-20T14:09:20+00:00","twitter_card":"summary_large_image","schema":{"@context":"https:\/\/schema.org","@graph":[{"@type":"WebPage","@id":"https:\/\/kaiavillage.com\/pt-pt\/contacte-nos\/","url":"https:\/\/kaiavillage.com\/pt-pt\/contacte-nos\/","name":"Alojamento de excel\u00eancia com servi\u00e7os inclu\u00eddos em Pemba | Contacte-nos | Kaia Village","isPartOf":{"@id":"https:\/\/kaiavillage.com\/#website"},"datePublished":"2013-12-24T04:31:24+00:00","dateModified":"2016-05-20T14:09:20+00:00","description":"Se procura alojamento com servi\u00e7os inclu\u00eddos numa agrad\u00e1vel localiza\u00e7\u00e3o em Pemba, Mo\u00e7ambique, convidamo-lo a entrar em contacto com um dos representantes da Kaia Village ainda hoje.","breadcrumb":{"@id":"https:\/\/kaiavillage.com\/pt-pt\/contacte-nos\/#breadcrumb"},"inLanguage":"pt-PT","potentialAction":[{"@type":"ReadAction","target":["https:\/\/kaiavillage.com\/pt-pt\/contacte-nos\/"]}]},{"@type":"BreadcrumbList","@id":"https:\/\/kaiavillage.com\/pt-pt\/contacte-nos\/#breadcrumb","itemListElement":[{"@type":"ListItem","position":1,"name":"Home","item":"https:\/\/kaiavillage.com\/pt-pt\/"},{"@type":"ListItem","position":2,"name":"Contacte-nos"}]},{"@type":"WebSite","@id":"https:\/\/kaiavillage.com\/#website","url":"https:\/\/kaiavillage.com\/","name":"KAIA","description":"","potentialAction":[{"@type":"SearchAction","target":{"@type":"EntryPoint","urlTemplate":"https:\/\/kaiavillage.com\/?s={search_term_string}"},"query-input":{"@type":"PropertyValueSpecification","valueRequired":true,"valueName":"search_term_string"}}],"inLanguage":"pt-PT"}]}},"_links":{"self":[{"href":"https:\/\/kaiavillage.com\/pt-pt\/wp-json\/wp\/v2\/pages\/5411","targetHints":{"allow":["GET"]}}],"collection":[{"href":"https:\/\/kaiavillage.com\/pt-pt\/wp-json\/wp\/v2\/pages"}],"about":[{"href":"https:\/\/kaiavillage.com\/pt-pt\/wp-json\/wp\/v2\/types\/page"}],"author":[{"embeddable":true,"href":"https:\/\/kaiavillage.com\/pt-pt\/wp-json\/wp\/v2\/users\/1"}],"replies":[{"embeddable":true,"href":"https:\/\/kaiavillage.com\/pt-pt\/wp-json\/wp\/v2\/comments?post=5411"}],"version-history":[{"count":2,"href":"https:\/\/kaiavillage.com\/pt-pt\/wp-json\/wp\/v2\/pages\/5411\/revisions"}],"predecessor-version":[{"id":5413,"href":"https:\/\/kaiavillage.com\/pt-pt\/wp-json\/wp\/v2\/pages\/5411\/revisions\/5413"}],"wp:attachment":[{"href":"https:\/\/kaiavillage.com\/pt-pt\/wp-json\/wp\/v2\/media?parent=5411"}],"curies":[{"name":"wp","href":"https:\/\/api.w.org\/{rel}","templated":true}]}}