{"id":5406,"date":"2015-12-20T16:15:15","date_gmt":"2015-12-20T16:15:15","guid":{"rendered":"http:\/\/kaiavillage.com\/pt-pt\/code-of-conduct\/"},"modified":"2016-05-20T14:06:06","modified_gmt":"2016-05-20T14:06:06","slug":"codigo-de-conduta","status":"publish","type":"page","link":"https:\/\/kaiavillage.com\/pt-pt\/codigo-de-conduta\/","title":{"rendered":"C\u00f3digo de Conduta"},"content":{"rendered":"","protected":false},"excerpt":{"rendered":"","protected":false},"author":1,"featured_media":0,"parent":0,"menu_order":0,"comment_status":"closed","ping_status":"closed","template":"","meta":{"footnotes":""},"class_list":["post-5406","page","type-page","status-publish","hentry"],"yoast_head":"<!-- This site is optimized with the Yoast SEO plugin v27.3 - https:\/\/yoast.com\/product\/yoast-seo-wordpress\/ -->\n<title>Normas e Regulamentos do Alojamento com Servi\u00e7os | Kaia Village<\/title>\n<meta name=\"description\" content=\"Todos os alojamentos oferecidos pela Kaia Village s\u00e3o geridos de acordo com padr\u00f5es, leis e regulamentos locais. Seguimos objectivos ambientais e respeitamos os mais altos padr\u00f5es de seguran\u00e7a e conforto.\" \/>\n<meta name=\"robots\" content=\"index, follow, max-snippet:-1, max-image-preview:large, max-video-preview:-1\" \/>\n<link rel=\"canonical\" href=\"https:\/\/kaiavillage.com\/pt-pt\/codigo-de-conduta\/\" \/>\n<meta property=\"og:locale\" content=\"pt_PT\" \/>\n<meta property=\"og:type\" content=\"article\" \/>\n<meta property=\"og:title\" content=\"Normas e Regulamentos do Alojamento com Servi\u00e7os | Kaia Village\" \/>\n<meta property=\"og:description\" content=\"Todos os alojamentos oferecidos pela Kaia Village s\u00e3o geridos de acordo com padr\u00f5es, leis e regulamentos locais. Seguimos objectivos ambientais e respeitamos os mais altos padr\u00f5es de seguran\u00e7a e conforto.\" \/>\n<meta property=\"og:url\" content=\"https:\/\/kaiavillage.com\/pt-pt\/codigo-de-conduta\/\" \/>\n<meta property=\"og:site_name\" content=\"KAIA\" \/>\n<meta property=\"article:modified_time\" content=\"2016-05-20T14:06:06+00:00\" \/>\n<meta name=\"twitter:card\" content=\"summary_large_image\" \/>\n<script type=\"application\/ld+json\" class=\"yoast-schema-graph\">{\"@context\":\"https:\\\/\\\/schema.org\",\"@graph\":[{\"@type\":\"WebPage\",\"@id\":\"https:\\\/\\\/kaiavillage.com\\\/pt-pt\\\/codigo-de-conduta\\\/\",\"url\":\"https:\\\/\\\/kaiavillage.com\\\/pt-pt\\\/codigo-de-conduta\\\/\",\"name\":\"Normas e Regulamentos do Alojamento com Servi\u00e7os | Kaia Village\",\"isPartOf\":{\"@id\":\"https:\\\/\\\/kaiavillage.com\\\/#website\"},\"datePublished\":\"2015-12-20T16:15:15+00:00\",\"dateModified\":\"2016-05-20T14:06:06+00:00\",\"description\":\"Todos os alojamentos oferecidos pela Kaia Village s\u00e3o geridos de acordo com padr\u00f5es, leis e regulamentos locais. Seguimos objectivos ambientais e respeitamos os mais altos padr\u00f5es de seguran\u00e7a e conforto.\",\"breadcrumb\":{\"@id\":\"https:\\\/\\\/kaiavillage.com\\\/pt-pt\\\/codigo-de-conduta\\\/#breadcrumb\"},\"inLanguage\":\"pt-PT\",\"potentialAction\":[{\"@type\":\"ReadAction\",\"target\":[\"https:\\\/\\\/kaiavillage.com\\\/pt-pt\\\/codigo-de-conduta\\\/\"]}]},{\"@type\":\"BreadcrumbList\",\"@id\":\"https:\\\/\\\/kaiavillage.com\\\/pt-pt\\\/codigo-de-conduta\\\/#breadcrumb\",\"itemListElement\":[{\"@type\":\"ListItem\",\"position\":1,\"name\":\"Home\",\"item\":\"https:\\\/\\\/kaiavillage.com\\\/pt-pt\\\/\"},{\"@type\":\"ListItem\",\"position\":2,\"name\":\"C\u00f3digo de Conduta\"}]},{\"@type\":\"WebSite\",\"@id\":\"https:\\\/\\\/kaiavillage.com\\\/#website\",\"url\":\"https:\\\/\\\/kaiavillage.com\\\/\",\"name\":\"KAIA\",\"description\":\"\",\"potentialAction\":[{\"@type\":\"SearchAction\",\"target\":{\"@type\":\"EntryPoint\",\"urlTemplate\":\"https:\\\/\\\/kaiavillage.com\\\/?s={search_term_string}\"},\"query-input\":{\"@type\":\"PropertyValueSpecification\",\"valueRequired\":true,\"valueName\":\"search_term_string\"}}],\"inLanguage\":\"pt-PT\"}]}<\/script>\n<!-- \/ Yoast SEO plugin. -->","yoast_head_json":{"title":"Normas e Regulamentos do Alojamento com Servi\u00e7os | Kaia Village","description":"Todos os alojamentos oferecidos pela Kaia Village s\u00e3o geridos de acordo com padr\u00f5es, leis e regulamentos locais. Seguimos objectivos ambientais e respeitamos os mais altos padr\u00f5es de seguran\u00e7a e conforto.","robots":{"index":"index","follow":"follow","max-snippet":"max-snippet:-1","max-image-preview":"max-image-preview:large","max-video-preview":"max-video-preview:-1"},"canonical":"https:\/\/kaiavillage.com\/pt-pt\/codigo-de-conduta\/","og_locale":"pt_PT","og_type":"article","og_title":"Normas e Regulamentos do Alojamento com Servi\u00e7os | Kaia Village","og_description":"Todos os alojamentos oferecidos pela Kaia Village s\u00e3o geridos de acordo com padr\u00f5es, leis e regulamentos locais. Seguimos objectivos ambientais e respeitamos os mais altos padr\u00f5es de seguran\u00e7a e conforto.","og_url":"https:\/\/kaiavillage.com\/pt-pt\/codigo-de-conduta\/","og_site_name":"KAIA","article_modified_time":"2016-05-20T14:06:06+00:00","twitter_card":"summary_large_image","schema":{"@context":"https:\/\/schema.org","@graph":[{"@type":"WebPage","@id":"https:\/\/kaiavillage.com\/pt-pt\/codigo-de-conduta\/","url":"https:\/\/kaiavillage.com\/pt-pt\/codigo-de-conduta\/","name":"Normas e Regulamentos do Alojamento com Servi\u00e7os | Kaia Village","isPartOf":{"@id":"https:\/\/kaiavillage.com\/#website"},"datePublished":"2015-12-20T16:15:15+00:00","dateModified":"2016-05-20T14:06:06+00:00","description":"Todos os alojamentos oferecidos pela Kaia Village s\u00e3o geridos de acordo com padr\u00f5es, leis e regulamentos locais. Seguimos objectivos ambientais e respeitamos os mais altos padr\u00f5es de seguran\u00e7a e conforto.","breadcrumb":{"@id":"https:\/\/kaiavillage.com\/pt-pt\/codigo-de-conduta\/#breadcrumb"},"inLanguage":"pt-PT","potentialAction":[{"@type":"ReadAction","target":["https:\/\/kaiavillage.com\/pt-pt\/codigo-de-conduta\/"]}]},{"@type":"BreadcrumbList","@id":"https:\/\/kaiavillage.com\/pt-pt\/codigo-de-conduta\/#breadcrumb","itemListElement":[{"@type":"ListItem","position":1,"name":"Home","item":"https:\/\/kaiavillage.com\/pt-pt\/"},{"@type":"ListItem","position":2,"name":"C\u00f3digo de Conduta"}]},{"@type":"WebSite","@id":"https:\/\/kaiavillage.com\/#website","url":"https:\/\/kaiavillage.com\/","name":"KAIA","description":"","potentialAction":[{"@type":"SearchAction","target":{"@type":"EntryPoint","urlTemplate":"https:\/\/kaiavillage.com\/?s={search_term_string}"},"query-input":{"@type":"PropertyValueSpecification","valueRequired":true,"valueName":"search_term_string"}}],"inLanguage":"pt-PT"}]}},"_links":{"self":[{"href":"https:\/\/kaiavillage.com\/pt-pt\/wp-json\/wp\/v2\/pages\/5406","targetHints":{"allow":["GET"]}}],"collection":[{"href":"https:\/\/kaiavillage.com\/pt-pt\/wp-json\/wp\/v2\/pages"}],"about":[{"href":"https:\/\/kaiavillage.com\/pt-pt\/wp-json\/wp\/v2\/types\/page"}],"author":[{"embeddable":true,"href":"https:\/\/kaiavillage.com\/pt-pt\/wp-json\/wp\/v2\/users\/1"}],"replies":[{"embeddable":true,"href":"https:\/\/kaiavillage.com\/pt-pt\/wp-json\/wp\/v2\/comments?post=5406"}],"version-history":[{"count":2,"href":"https:\/\/kaiavillage.com\/pt-pt\/wp-json\/wp\/v2\/pages\/5406\/revisions"}],"predecessor-version":[{"id":5408,"href":"https:\/\/kaiavillage.com\/pt-pt\/wp-json\/wp\/v2\/pages\/5406\/revisions\/5408"}],"wp:attachment":[{"href":"https:\/\/kaiavillage.com\/pt-pt\/wp-json\/wp\/v2\/media?parent=5406"}],"curies":[{"name":"wp","href":"https:\/\/api.w.org\/{rel}","templated":true}]}}