{"id":5403,"date":"2015-11-04T13:19:31","date_gmt":"2015-11-04T13:19:31","guid":{"rendered":"http:\/\/kaiavillage.com\/pt-pt\/facilities\/"},"modified":"2016-05-24T13:39:45","modified_gmt":"2016-05-24T13:39:45","slug":"instalacoes","status":"publish","type":"page","link":"https:\/\/kaiavillage.com\/pt-pt\/instalacoes\/","title":{"rendered":"Instala\u00e7\u00f5es"},"content":{"rendered":"\n\t\t<style type=\"text\/css\">\n\t\t\t#gallery-1 {\n\t\t\t\tmargin: auto;\n\t\t\t}\n\t\t\t#gallery-1 .gallery-item {\n\t\t\t\tfloat: left;\n\t\t\t\tmargin-top: 10px;\n\t\t\t\ttext-align: center;\n\t\t\t\twidth: 33%;\n\t\t\t}\n\t\t\t#gallery-1 img {\n\t\t\t\tborder-width: 1px; border-style: solid;\n\t\t\t}\n\t\t\t#gallery-1 .gallery-caption {\n\t\t\t\tmargin-left: 0;\n\t\t\t}\n\t\t\t\/* see gallery_shortcode() in wp-includes\/media.php *\/\n\t\t<\/style>\n\t\t<div id='gallery-1' class='gallery galleryid-5403 gallery-columns-3 gallery-size-small-grid-size'><dl class='gallery-item'>\n\t\t\t<dt class='gallery-icon landscape'>\n\t\t\t\t<a href='https:\/\/kaiavillage.com\/wp-content\/uploads\/2016\/01\/IMG_4875.jpg'><img loading=\"lazy\" decoding=\"async\" width=\"400\" height=\"300\" src=\"https:\/\/kaiavillage.com\/wp-content\/uploads\/2016\/01\/IMG_4875-400x300.jpg\" class=\"attachment-small-grid-size size-small-grid-size\" alt=\"\" \/><\/a>\n\t\t\t<\/dt><\/dl><dl class='gallery-item'>\n\t\t\t<dt class='gallery-icon landscape'>\n\t\t\t\t<a href='https:\/\/kaiavillage.com\/wp-content\/uploads\/2016\/01\/2-e1454347948797.jpg'><img loading=\"lazy\" decoding=\"async\" width=\"400\" height=\"300\" src=\"https:\/\/kaiavillage.com\/wp-content\/uploads\/2016\/01\/2-e1454347948797-400x300.jpg\" class=\"attachment-small-grid-size size-small-grid-size\" alt=\"\" \/><\/a>\n\t\t\t<\/dt><\/dl><dl class='gallery-item'>\n\t\t\t<dt class='gallery-icon landscape'>\n\t\t\t\t<a href='https:\/\/kaiavillage.com\/wp-content\/uploads\/2016\/01\/4.jpg'><img loading=\"lazy\" decoding=\"async\" width=\"400\" height=\"300\" src=\"https:\/\/kaiavillage.com\/wp-content\/uploads\/2016\/01\/4-400x300.jpg\" class=\"attachment-small-grid-size size-small-grid-size\" alt=\"\" \/><\/a>\n\t\t\t<\/dt><\/dl><br style=\"clear: both\" \/>\n\t\t<\/div>\n\n\n\t\t<style type=\"text\/css\">\n\t\t\t#gallery-2 {\n\t\t\t\tmargin: auto;\n\t\t\t}\n\t\t\t#gallery-2 .gallery-item {\n\t\t\t\tfloat: left;\n\t\t\t\tmargin-top: 10px;\n\t\t\t\ttext-align: center;\n\t\t\t\twidth: 33%;\n\t\t\t}\n\t\t\t#gallery-2 img {\n\t\t\t\tborder-width: 1px; border-style: solid;\n\t\t\t}\n\t\t\t#gallery-2 .gallery-caption {\n\t\t\t\tmargin-left: 0;\n\t\t\t}\n\t\t\t\/* see gallery_shortcode() in wp-includes\/media.php *\/\n\t\t<\/style>\n\t\t<div id='gallery-2' class='gallery galleryid-5403 gallery-columns-3 gallery-size-small-grid-size'><dl class='gallery-item'>\n\t\t\t<dt class='gallery-icon landscape'>\n\t\t\t\t<a href='https:\/\/kaiavillage.com\/wp-content\/uploads\/2016\/01\/3.jpg'><img loading=\"lazy\" decoding=\"async\" width=\"400\" height=\"300\" src=\"https:\/\/kaiavillage.com\/wp-content\/uploads\/2016\/01\/3-400x300.jpg\" class=\"attachment-small-grid-size size-small-grid-size\" alt=\"\" \/><\/a>\n\t\t\t<\/dt><\/dl><dl class='gallery-item'>\n\t\t\t<dt class='gallery-icon landscape'>\n\t\t\t\t<a href='https:\/\/kaiavillage.com\/wp-content\/uploads\/2015\/11\/fac1.jpg'><img loading=\"lazy\" decoding=\"async\" width=\"400\" height=\"300\" src=\"https:\/\/kaiavillage.com\/wp-content\/uploads\/2015\/11\/fac1-400x300.jpg\" class=\"attachment-small-grid-size size-small-grid-size\" alt=\"\" \/><\/a>\n\t\t\t<\/dt><\/dl><dl class='gallery-item'>\n\t\t\t<dt class='gallery-icon landscape'>\n\t\t\t\t<a href='https:\/\/kaiavillage.com\/wp-content\/uploads\/2015\/11\/fac2.jpg'><img loading=\"lazy\" decoding=\"async\" width=\"400\" height=\"300\" src=\"https:\/\/kaiavillage.com\/wp-content\/uploads\/2015\/11\/fac2-400x300.jpg\" class=\"attachment-small-grid-size size-small-grid-size\" alt=\"\" \/><\/a>\n\t\t\t<\/dt><\/dl><br style=\"clear: both\" \/>\n\t\t<\/div>\n\n","protected":false},"excerpt":{"rendered":"","protected":false},"author":1,"featured_media":0,"parent":0,"menu_order":0,"comment_status":"closed","ping_status":"closed","template":"","meta":{"footnotes":""},"class_list":["post-5403","page","type-page","status-publish","hentry"],"yoast_head":"<!-- This site is optimized with the Yoast SEO plugin v27.3 - https:\/\/yoast.com\/product\/yoast-seo-wordpress\/ -->\n<title>Instala\u00e7\u00f5es e Servi\u00e7os | Kaia Village<\/title>\n<meta name=\"description\" content=\"A Kaia Village est\u00e1 convenientemente localizada a poucos minutos do Aeroporto Internacional de Pemba e a curta dist\u00e2ncia do centro da cidade, das zonas de escrit\u00f3rios e dos principais condom\u00ednios empresariais.\" \/>\n<meta name=\"robots\" content=\"index, follow, max-snippet:-1, max-image-preview:large, max-video-preview:-1\" \/>\n<link rel=\"canonical\" href=\"https:\/\/kaiavillage.com\/pt-pt\/instalacoes\/\" \/>\n<meta property=\"og:locale\" content=\"pt_PT\" \/>\n<meta property=\"og:type\" content=\"article\" \/>\n<meta property=\"og:title\" content=\"Instala\u00e7\u00f5es e Servi\u00e7os | Kaia Village\" \/>\n<meta property=\"og:description\" content=\"A Kaia Village est\u00e1 convenientemente localizada a poucos minutos do Aeroporto Internacional de Pemba e a curta dist\u00e2ncia do centro da cidade, das zonas de escrit\u00f3rios e dos principais condom\u00ednios empresariais.\" \/>\n<meta property=\"og:url\" content=\"https:\/\/kaiavillage.com\/pt-pt\/instalacoes\/\" \/>\n<meta property=\"og:site_name\" content=\"KAIA\" \/>\n<meta property=\"article:modified_time\" content=\"2016-05-24T13:39:45+00:00\" \/>\n<meta property=\"og:image\" content=\"https:\/\/kaiavillage.com\/wp-content\/uploads\/2016\/01\/IMG_4875-400x300.jpg\" \/>\n<meta name=\"twitter:card\" content=\"summary_large_image\" \/>\n<script type=\"application\/ld+json\" class=\"yoast-schema-graph\">{\"@context\":\"https:\\\/\\\/schema.org\",\"@graph\":[{\"@type\":\"WebPage\",\"@id\":\"https:\\\/\\\/kaiavillage.com\\\/pt-pt\\\/instalacoes\\\/\",\"url\":\"https:\\\/\\\/kaiavillage.com\\\/pt-pt\\\/instalacoes\\\/\",\"name\":\"Instala\u00e7\u00f5es e Servi\u00e7os | Kaia Village\",\"isPartOf\":{\"@id\":\"https:\\\/\\\/kaiavillage.com\\\/#website\"},\"datePublished\":\"2015-11-04T13:19:31+00:00\",\"dateModified\":\"2016-05-24T13:39:45+00:00\",\"description\":\"A Kaia Village est\u00e1 convenientemente localizada a poucos minutos do Aeroporto Internacional de Pemba e a curta dist\u00e2ncia do centro da cidade, das zonas de escrit\u00f3rios e dos principais condom\u00ednios empresariais.\",\"breadcrumb\":{\"@id\":\"https:\\\/\\\/kaiavillage.com\\\/pt-pt\\\/instalacoes\\\/#breadcrumb\"},\"inLanguage\":\"pt-PT\",\"potentialAction\":[{\"@type\":\"ReadAction\",\"target\":[\"https:\\\/\\\/kaiavillage.com\\\/pt-pt\\\/instalacoes\\\/\"]}]},{\"@type\":\"BreadcrumbList\",\"@id\":\"https:\\\/\\\/kaiavillage.com\\\/pt-pt\\\/instalacoes\\\/#breadcrumb\",\"itemListElement\":[{\"@type\":\"ListItem\",\"position\":1,\"name\":\"Home\",\"item\":\"https:\\\/\\\/kaiavillage.com\\\/pt-pt\\\/\"},{\"@type\":\"ListItem\",\"position\":2,\"name\":\"Instala\u00e7\u00f5es\"}]},{\"@type\":\"WebSite\",\"@id\":\"https:\\\/\\\/kaiavillage.com\\\/#website\",\"url\":\"https:\\\/\\\/kaiavillage.com\\\/\",\"name\":\"KAIA\",\"description\":\"\",\"potentialAction\":[{\"@type\":\"SearchAction\",\"target\":{\"@type\":\"EntryPoint\",\"urlTemplate\":\"https:\\\/\\\/kaiavillage.com\\\/?s={search_term_string}\"},\"query-input\":{\"@type\":\"PropertyValueSpecification\",\"valueRequired\":true,\"valueName\":\"search_term_string\"}}],\"inLanguage\":\"pt-PT\"}]}<\/script>\n<!-- \/ Yoast SEO plugin. -->","yoast_head_json":{"title":"Instala\u00e7\u00f5es e Servi\u00e7os | Kaia Village","description":"A Kaia Village est\u00e1 convenientemente localizada a poucos minutos do Aeroporto Internacional de Pemba e a curta dist\u00e2ncia do centro da cidade, das zonas de escrit\u00f3rios e dos principais condom\u00ednios empresariais.","robots":{"index":"index","follow":"follow","max-snippet":"max-snippet:-1","max-image-preview":"max-image-preview:large","max-video-preview":"max-video-preview:-1"},"canonical":"https:\/\/kaiavillage.com\/pt-pt\/instalacoes\/","og_locale":"pt_PT","og_type":"article","og_title":"Instala\u00e7\u00f5es e Servi\u00e7os | Kaia Village","og_description":"A Kaia Village est\u00e1 convenientemente localizada a poucos minutos do Aeroporto Internacional de Pemba e a curta dist\u00e2ncia do centro da cidade, das zonas de escrit\u00f3rios e dos principais condom\u00ednios empresariais.","og_url":"https:\/\/kaiavillage.com\/pt-pt\/instalacoes\/","og_site_name":"KAIA","article_modified_time":"2016-05-24T13:39:45+00:00","og_image":[{"url":"https:\/\/kaiavillage.com\/wp-content\/uploads\/2016\/01\/IMG_4875-400x300.jpg","type":"","width":"","height":""}],"twitter_card":"summary_large_image","schema":{"@context":"https:\/\/schema.org","@graph":[{"@type":"WebPage","@id":"https:\/\/kaiavillage.com\/pt-pt\/instalacoes\/","url":"https:\/\/kaiavillage.com\/pt-pt\/instalacoes\/","name":"Instala\u00e7\u00f5es e Servi\u00e7os | Kaia Village","isPartOf":{"@id":"https:\/\/kaiavillage.com\/#website"},"datePublished":"2015-11-04T13:19:31+00:00","dateModified":"2016-05-24T13:39:45+00:00","description":"A Kaia Village est\u00e1 convenientemente localizada a poucos minutos do Aeroporto Internacional de Pemba e a curta dist\u00e2ncia do centro da cidade, das zonas de escrit\u00f3rios e dos principais condom\u00ednios empresariais.","breadcrumb":{"@id":"https:\/\/kaiavillage.com\/pt-pt\/instalacoes\/#breadcrumb"},"inLanguage":"pt-PT","potentialAction":[{"@type":"ReadAction","target":["https:\/\/kaiavillage.com\/pt-pt\/instalacoes\/"]}]},{"@type":"BreadcrumbList","@id":"https:\/\/kaiavillage.com\/pt-pt\/instalacoes\/#breadcrumb","itemListElement":[{"@type":"ListItem","position":1,"name":"Home","item":"https:\/\/kaiavillage.com\/pt-pt\/"},{"@type":"ListItem","position":2,"name":"Instala\u00e7\u00f5es"}]},{"@type":"WebSite","@id":"https:\/\/kaiavillage.com\/#website","url":"https:\/\/kaiavillage.com\/","name":"KAIA","description":"","potentialAction":[{"@type":"SearchAction","target":{"@type":"EntryPoint","urlTemplate":"https:\/\/kaiavillage.com\/?s={search_term_string}"},"query-input":{"@type":"PropertyValueSpecification","valueRequired":true,"valueName":"search_term_string"}}],"inLanguage":"pt-PT"}]}},"_links":{"self":[{"href":"https:\/\/kaiavillage.com\/pt-pt\/wp-json\/wp\/v2\/pages\/5403","targetHints":{"allow":["GET"]}}],"collection":[{"href":"https:\/\/kaiavillage.com\/pt-pt\/wp-json\/wp\/v2\/pages"}],"about":[{"href":"https:\/\/kaiavillage.com\/pt-pt\/wp-json\/wp\/v2\/types\/page"}],"author":[{"embeddable":true,"href":"https:\/\/kaiavillage.com\/pt-pt\/wp-json\/wp\/v2\/users\/1"}],"replies":[{"embeddable":true,"href":"https:\/\/kaiavillage.com\/pt-pt\/wp-json\/wp\/v2\/comments?post=5403"}],"version-history":[{"count":4,"href":"https:\/\/kaiavillage.com\/pt-pt\/wp-json\/wp\/v2\/pages\/5403\/revisions"}],"predecessor-version":[{"id":5434,"href":"https:\/\/kaiavillage.com\/pt-pt\/wp-json\/wp\/v2\/pages\/5403\/revisions\/5434"}],"wp:attachment":[{"href":"https:\/\/kaiavillage.com\/pt-pt\/wp-json\/wp\/v2\/media?parent=5403"}],"curies":[{"name":"wp","href":"https:\/\/api.w.org\/{rel}","templated":true}]}}