{"id":5396,"date":"2016-01-28T12:29:27","date_gmt":"2016-01-28T12:29:27","guid":{"rendered":"http:\/\/kaiavillage.com\/pt-pt\/accommodation\/"},"modified":"2016-05-20T13:48:53","modified_gmt":"2016-05-20T13:48:53","slug":"alojamento","status":"publish","type":"page","link":"https:\/\/kaiavillage.com\/pt-pt\/alojamento\/","title":{"rendered":"Alojamento"},"content":{"rendered":"<p><br \/>\n<\/p>\n\n\t\t<style type=\"text\/css\">\n\t\t\t#gallery-1 {\n\t\t\t\tmargin: auto;\n\t\t\t}\n\t\t\t#gallery-1 .gallery-item {\n\t\t\t\tfloat: left;\n\t\t\t\tmargin-top: 10px;\n\t\t\t\ttext-align: center;\n\t\t\t\twidth: 100%;\n\t\t\t}\n\t\t\t#gallery-1 img {\n\t\t\t\tborder-width: 1px; border-style: solid;\n\t\t\t}\n\t\t\t#gallery-1 .gallery-caption {\n\t\t\t\tmargin-left: 0;\n\t\t\t}\n\t\t\t\/* see gallery_shortcode() in wp-includes\/media.php *\/\n\t\t<\/style>\n\t\t<div id='gallery-1' class='gallery galleryid-5396 gallery-columns-1 gallery-size-small-grid-size'><dl class='gallery-item'>\n\t\t\t<dt class='gallery-icon landscape'>\n\t\t\t\t<a href='https:\/\/kaiavillage.com\/wp-content\/uploads\/2016\/01\/aa1.jpg'><img loading=\"lazy\" decoding=\"async\" width=\"400\" height=\"300\" src=\"https:\/\/kaiavillage.com\/wp-content\/uploads\/2016\/01\/aa1-400x300.jpg\" class=\"attachment-small-grid-size size-small-grid-size\" alt=\"\" \/><\/a>\n\t\t\t<\/dt><\/dl><br style=\"clear: both\" \/><dl class='gallery-item'>\n\t\t\t<dt class='gallery-icon landscape'>\n\t\t\t\t<a href='https:\/\/kaiavillage.com\/wp-content\/uploads\/2016\/01\/aa3.jpg'><img loading=\"lazy\" decoding=\"async\" width=\"400\" height=\"300\" src=\"https:\/\/kaiavillage.com\/wp-content\/uploads\/2016\/01\/aa3-400x300.jpg\" class=\"attachment-small-grid-size size-small-grid-size\" alt=\"\" \/><\/a>\n\t\t\t<\/dt><\/dl><br style=\"clear: both\" \/><dl class='gallery-item'>\n\t\t\t<dt class='gallery-icon landscape'>\n\t\t\t\t<a href='https:\/\/kaiavillage.com\/wp-content\/uploads\/2016\/01\/fac9.jpg'><img loading=\"lazy\" decoding=\"async\" width=\"400\" height=\"300\" src=\"https:\/\/kaiavillage.com\/wp-content\/uploads\/2016\/01\/fac9-400x300.jpg\" class=\"attachment-small-grid-size size-small-grid-size\" alt=\"\" \/><\/a>\n\t\t\t<\/dt><\/dl><br style=\"clear: both\" \/>\n\t\t<\/div>\n\n<p><br \/>\n<\/p>\n\n\t\t<style type=\"text\/css\">\n\t\t\t#gallery-2 {\n\t\t\t\tmargin: auto;\n\t\t\t}\n\t\t\t#gallery-2 .gallery-item {\n\t\t\t\tfloat: left;\n\t\t\t\tmargin-top: 10px;\n\t\t\t\ttext-align: center;\n\t\t\t\twidth: 100%;\n\t\t\t}\n\t\t\t#gallery-2 img {\n\t\t\t\tborder-width: 1px; border-style: solid;\n\t\t\t}\n\t\t\t#gallery-2 .gallery-caption {\n\t\t\t\tmargin-left: 0;\n\t\t\t}\n\t\t\t\/* see gallery_shortcode() in wp-includes\/media.php *\/\n\t\t<\/style>\n\t\t<div id='gallery-2' class='gallery galleryid-5396 gallery-columns-1 gallery-size-small-grid-size'><dl class='gallery-item'>\n\t\t\t<dt class='gallery-icon landscape'>\n\t\t\t\t<a href='https:\/\/kaiavillage.com\/wp-content\/uploads\/2016\/01\/ss1.jpg'><img loading=\"lazy\" decoding=\"async\" width=\"400\" height=\"300\" src=\"https:\/\/kaiavillage.com\/wp-content\/uploads\/2016\/01\/ss1-400x300.jpg\" class=\"attachment-small-grid-size size-small-grid-size\" alt=\"\" \/><\/a>\n\t\t\t<\/dt><\/dl><br style=\"clear: both\" \/><dl class='gallery-item'>\n\t\t\t<dt class='gallery-icon landscape'>\n\t\t\t\t<a href='https:\/\/kaiavillage.com\/wp-content\/uploads\/2016\/01\/ss2jpg.jpg'><img loading=\"lazy\" decoding=\"async\" width=\"400\" height=\"300\" src=\"https:\/\/kaiavillage.com\/wp-content\/uploads\/2016\/01\/ss2jpg-400x300.jpg\" class=\"attachment-small-grid-size size-small-grid-size\" alt=\"\" \/><\/a>\n\t\t\t<\/dt><\/dl><br style=\"clear: both\" \/><dl class='gallery-item'>\n\t\t\t<dt class='gallery-icon landscape'>\n\t\t\t\t<a href='https:\/\/kaiavillage.com\/wp-content\/uploads\/2016\/01\/fac12.jpg'><img loading=\"lazy\" decoding=\"async\" width=\"400\" height=\"300\" src=\"https:\/\/kaiavillage.com\/wp-content\/uploads\/2016\/01\/fac12-400x300.jpg\" class=\"attachment-small-grid-size size-small-grid-size\" alt=\"\" \/><\/a>\n\t\t\t<\/dt><\/dl><br style=\"clear: both\" \/>\n\t\t<\/div>\n\n<p><br \/>\n<\/p>\n\n\t\t<style type=\"text\/css\">\n\t\t\t#gallery-3 {\n\t\t\t\tmargin: auto;\n\t\t\t}\n\t\t\t#gallery-3 .gallery-item {\n\t\t\t\tfloat: left;\n\t\t\t\tmargin-top: 10px;\n\t\t\t\ttext-align: center;\n\t\t\t\twidth: 100%;\n\t\t\t}\n\t\t\t#gallery-3 img {\n\t\t\t\tborder-width: 1px; border-style: solid;\n\t\t\t}\n\t\t\t#gallery-3 .gallery-caption {\n\t\t\t\tmargin-left: 0;\n\t\t\t}\n\t\t\t\/* see gallery_shortcode() in wp-includes\/media.php *\/\n\t\t<\/style>\n\t\t<div id='gallery-3' class='gallery galleryid-5396 gallery-columns-1 gallery-size-small-grid-size'><dl class='gallery-item'>\n\t\t\t<dt class='gallery-icon landscape'>\n\t\t\t\t<a href='https:\/\/kaiavillage.com\/wp-content\/uploads\/2016\/01\/IMG_5560.jpg'><img loading=\"lazy\" decoding=\"async\" width=\"400\" height=\"300\" src=\"https:\/\/kaiavillage.com\/wp-content\/uploads\/2016\/01\/IMG_5560-400x300.jpg\" class=\"attachment-small-grid-size size-small-grid-size\" alt=\"\" \/><\/a>\n\t\t\t<\/dt><\/dl><br style=\"clear: both\" \/><dl class='gallery-item'>\n\t\t\t<dt class='gallery-icon landscape'>\n\t\t\t\t<a href='https:\/\/kaiavillage.com\/wp-content\/uploads\/2016\/01\/IMG_5407.jpg'><img loading=\"lazy\" decoding=\"async\" width=\"400\" height=\"300\" src=\"https:\/\/kaiavillage.com\/wp-content\/uploads\/2016\/01\/IMG_5407-400x300.jpg\" class=\"attachment-small-grid-size size-small-grid-size\" alt=\"\" \/><\/a>\n\t\t\t<\/dt><\/dl><br style=\"clear: both\" \/><dl class='gallery-item'>\n\t\t\t<dt class='gallery-icon landscape'>\n\t\t\t\t<a href='https:\/\/kaiavillage.com\/wp-content\/uploads\/2016\/01\/aa4.jpg'><img loading=\"lazy\" decoding=\"async\" width=\"400\" height=\"300\" src=\"https:\/\/kaiavillage.com\/wp-content\/uploads\/2016\/01\/aa4-400x300.jpg\" class=\"attachment-small-grid-size size-small-grid-size\" alt=\"\" \/><\/a>\n\t\t\t<\/dt><\/dl><br style=\"clear: both\" \/>\n\t\t<\/div>\n\n<p><br \/>\n<\/p>\n","protected":false},"excerpt":{"rendered":"","protected":false},"author":1,"featured_media":0,"parent":0,"menu_order":0,"comment_status":"closed","ping_status":"open","template":"","meta":{"footnotes":""},"class_list":["post-5396","page","type-page","status-publish","hentry"],"yoast_head":"<!-- This site is optimized with the Yoast SEO plugin v27.3 - https:\/\/yoast.com\/product\/yoast-seo-wordpress\/ -->\n<title>Alojamento Confort\u00e1vel com Servi\u00e7os Inclu\u00eddos em Pemba | Alojamento| Kaia Village<\/title>\n<meta name=\"description\" content=\"A Kaia Village tem vindo a oferecer alojamento com servi\u00e7os inclu\u00eddos, garantindo conforto e seguran\u00e7a a h\u00f3spedes de curta e de longa dura\u00e7\u00e3o. Trabalhamos sobretudo com clientes corporativos no sector do petr\u00f3leo e g\u00e1s.\" \/>\n<meta name=\"robots\" content=\"index, follow, max-snippet:-1, max-image-preview:large, max-video-preview:-1\" \/>\n<link rel=\"canonical\" href=\"https:\/\/kaiavillage.com\/accommodation\/\" \/>\n<meta property=\"og:locale\" content=\"pt_PT\" \/>\n<meta property=\"og:type\" content=\"article\" \/>\n<meta property=\"og:title\" content=\"Alojamento Confort\u00e1vel com Servi\u00e7os Inclu\u00eddos em Pemba | Alojamento| Kaia Village\" \/>\n<meta property=\"og:description\" content=\"A Kaia Village tem vindo a oferecer alojamento com servi\u00e7os inclu\u00eddos, garantindo conforto e seguran\u00e7a a h\u00f3spedes de curta e de longa dura\u00e7\u00e3o. Trabalhamos sobretudo com clientes corporativos no sector do petr\u00f3leo e g\u00e1s.\" \/>\n<meta property=\"og:url\" content=\"https:\/\/kaiavillage.com\/accommodation\/\" \/>\n<meta property=\"og:site_name\" content=\"KAIA\" \/>\n<meta property=\"article:modified_time\" content=\"2016-05-20T13:48:53+00:00\" \/>\n<meta property=\"og:image\" content=\"https:\/\/kaiavillage.com\/wp-content\/uploads\/2016\/01\/aa1-400x300.jpg\" \/>\n<meta name=\"twitter:card\" content=\"summary_large_image\" \/>\n<script type=\"application\/ld+json\" class=\"yoast-schema-graph\">{\"@context\":\"https:\\\/\\\/schema.org\",\"@graph\":[{\"@type\":\"WebPage\",\"@id\":\"https:\\\/\\\/kaiavillage.com\\\/accommodation\\\/\",\"url\":\"https:\\\/\\\/kaiavillage.com\\\/accommodation\\\/\",\"name\":\"Alojamento Confort\u00e1vel com Servi\u00e7os Inclu\u00eddos em Pemba | Alojamento| Kaia Village\",\"isPartOf\":{\"@id\":\"https:\\\/\\\/kaiavillage.com\\\/#website\"},\"datePublished\":\"2016-01-28T12:29:27+00:00\",\"dateModified\":\"2016-05-20T13:48:53+00:00\",\"description\":\"A Kaia Village tem vindo a oferecer alojamento com servi\u00e7os inclu\u00eddos, garantindo conforto e seguran\u00e7a a h\u00f3spedes de curta e de longa dura\u00e7\u00e3o. Trabalhamos sobretudo com clientes corporativos no sector do petr\u00f3leo e g\u00e1s.\",\"breadcrumb\":{\"@id\":\"https:\\\/\\\/kaiavillage.com\\\/accommodation\\\/#breadcrumb\"},\"inLanguage\":\"pt-PT\",\"potentialAction\":[{\"@type\":\"ReadAction\",\"target\":[\"https:\\\/\\\/kaiavillage.com\\\/accommodation\\\/\"]}]},{\"@type\":\"BreadcrumbList\",\"@id\":\"https:\\\/\\\/kaiavillage.com\\\/accommodation\\\/#breadcrumb\",\"itemListElement\":[{\"@type\":\"ListItem\",\"position\":1,\"name\":\"Home\",\"item\":\"https:\\\/\\\/kaiavillage.com\\\/pt-pt\\\/\"},{\"@type\":\"ListItem\",\"position\":2,\"name\":\"Alojamento\"}]},{\"@type\":\"WebSite\",\"@id\":\"https:\\\/\\\/kaiavillage.com\\\/#website\",\"url\":\"https:\\\/\\\/kaiavillage.com\\\/\",\"name\":\"KAIA\",\"description\":\"\",\"potentialAction\":[{\"@type\":\"SearchAction\",\"target\":{\"@type\":\"EntryPoint\",\"urlTemplate\":\"https:\\\/\\\/kaiavillage.com\\\/?s={search_term_string}\"},\"query-input\":{\"@type\":\"PropertyValueSpecification\",\"valueRequired\":true,\"valueName\":\"search_term_string\"}}],\"inLanguage\":\"pt-PT\"}]}<\/script>\n<!-- \/ Yoast SEO plugin. -->","yoast_head_json":{"title":"Alojamento Confort\u00e1vel com Servi\u00e7os Inclu\u00eddos em Pemba | Alojamento| Kaia Village","description":"A Kaia Village tem vindo a oferecer alojamento com servi\u00e7os inclu\u00eddos, garantindo conforto e seguran\u00e7a a h\u00f3spedes de curta e de longa dura\u00e7\u00e3o. Trabalhamos sobretudo com clientes corporativos no sector do petr\u00f3leo e g\u00e1s.","robots":{"index":"index","follow":"follow","max-snippet":"max-snippet:-1","max-image-preview":"max-image-preview:large","max-video-preview":"max-video-preview:-1"},"canonical":"https:\/\/kaiavillage.com\/accommodation\/","og_locale":"pt_PT","og_type":"article","og_title":"Alojamento Confort\u00e1vel com Servi\u00e7os Inclu\u00eddos em Pemba | Alojamento| Kaia Village","og_description":"A Kaia Village tem vindo a oferecer alojamento com servi\u00e7os inclu\u00eddos, garantindo conforto e seguran\u00e7a a h\u00f3spedes de curta e de longa dura\u00e7\u00e3o. Trabalhamos sobretudo com clientes corporativos no sector do petr\u00f3leo e g\u00e1s.","og_url":"https:\/\/kaiavillage.com\/accommodation\/","og_site_name":"KAIA","article_modified_time":"2016-05-20T13:48:53+00:00","og_image":[{"url":"https:\/\/kaiavillage.com\/wp-content\/uploads\/2016\/01\/aa1-400x300.jpg","type":"","width":"","height":""}],"twitter_card":"summary_large_image","schema":{"@context":"https:\/\/schema.org","@graph":[{"@type":"WebPage","@id":"https:\/\/kaiavillage.com\/accommodation\/","url":"https:\/\/kaiavillage.com\/accommodation\/","name":"Alojamento Confort\u00e1vel com Servi\u00e7os Inclu\u00eddos em Pemba | Alojamento| Kaia Village","isPartOf":{"@id":"https:\/\/kaiavillage.com\/#website"},"datePublished":"2016-01-28T12:29:27+00:00","dateModified":"2016-05-20T13:48:53+00:00","description":"A Kaia Village tem vindo a oferecer alojamento com servi\u00e7os inclu\u00eddos, garantindo conforto e seguran\u00e7a a h\u00f3spedes de curta e de longa dura\u00e7\u00e3o. Trabalhamos sobretudo com clientes corporativos no sector do petr\u00f3leo e g\u00e1s.","breadcrumb":{"@id":"https:\/\/kaiavillage.com\/accommodation\/#breadcrumb"},"inLanguage":"pt-PT","potentialAction":[{"@type":"ReadAction","target":["https:\/\/kaiavillage.com\/accommodation\/"]}]},{"@type":"BreadcrumbList","@id":"https:\/\/kaiavillage.com\/accommodation\/#breadcrumb","itemListElement":[{"@type":"ListItem","position":1,"name":"Home","item":"https:\/\/kaiavillage.com\/pt-pt\/"},{"@type":"ListItem","position":2,"name":"Alojamento"}]},{"@type":"WebSite","@id":"https:\/\/kaiavillage.com\/#website","url":"https:\/\/kaiavillage.com\/","name":"KAIA","description":"","potentialAction":[{"@type":"SearchAction","target":{"@type":"EntryPoint","urlTemplate":"https:\/\/kaiavillage.com\/?s={search_term_string}"},"query-input":{"@type":"PropertyValueSpecification","valueRequired":true,"valueName":"search_term_string"}}],"inLanguage":"pt-PT"}]}},"_links":{"self":[{"href":"https:\/\/kaiavillage.com\/pt-pt\/wp-json\/wp\/v2\/pages\/5396","targetHints":{"allow":["GET"]}}],"collection":[{"href":"https:\/\/kaiavillage.com\/pt-pt\/wp-json\/wp\/v2\/pages"}],"about":[{"href":"https:\/\/kaiavillage.com\/pt-pt\/wp-json\/wp\/v2\/types\/page"}],"author":[{"embeddable":true,"href":"https:\/\/kaiavillage.com\/pt-pt\/wp-json\/wp\/v2\/users\/1"}],"replies":[{"embeddable":true,"href":"https:\/\/kaiavillage.com\/pt-pt\/wp-json\/wp\/v2\/comments?post=5396"}],"version-history":[{"count":5,"href":"https:\/\/kaiavillage.com\/pt-pt\/wp-json\/wp\/v2\/pages\/5396\/revisions"}],"predecessor-version":[{"id":5401,"href":"https:\/\/kaiavillage.com\/pt-pt\/wp-json\/wp\/v2\/pages\/5396\/revisions\/5401"}],"wp:attachment":[{"href":"https:\/\/kaiavillage.com\/pt-pt\/wp-json\/wp\/v2\/media?parent=5396"}],"curies":[{"name":"wp","href":"https:\/\/api.w.org\/{rel}","templated":true}]}}