{"id":5323,"date":"2015-03-31T10:26:01","date_gmt":"2015-03-31T10:26:01","guid":{"rendered":"http:\/\/kaiavillage.com\/?page_id=5323&#038;lang=pt-pt"},"modified":"2016-05-24T13:28:27","modified_gmt":"2016-05-24T13:28:27","slug":"homepage","status":"publish","type":"page","link":"https:\/\/kaiavillage.com\/pt-pt\/","title":{"rendered":"P\u00e1gina Inicial"},"content":{"rendered":"","protected":false},"excerpt":{"rendered":"","protected":false},"author":1,"featured_media":0,"parent":0,"menu_order":0,"comment_status":"closed","ping_status":"open","template":"","meta":{"footnotes":""},"class_list":["post-5323","page","type-page","status-publish","hentry"],"yoast_head":"<!-- This site is optimized with the Yoast SEO plugin v27.3 - https:\/\/yoast.com\/product\/yoast-seo-wordpress\/ -->\n<title>Alojamento de Excel\u00eancia com Servi\u00e7os Inclu\u00eddos em Pemba | Kaia Village<\/title>\n<meta name=\"description\" content=\"A Kaia Village \u00e9 um complexo de apartamentos que inclui um leque de servi\u00e7os completo, localizado num condom\u00ednio de 4 hectares em Pemba, no norte de Mo\u00e7ambique.\" \/>\n<meta name=\"robots\" content=\"index, follow, max-snippet:-1, max-image-preview:large, max-video-preview:-1\" \/>\n<link rel=\"canonical\" href=\"https:\/\/kaiavillage.com\/pt-pt\/\" \/>\n<meta property=\"og:locale\" content=\"pt_PT\" \/>\n<meta property=\"og:type\" content=\"article\" \/>\n<meta property=\"og:title\" content=\"Alojamento de Excel\u00eancia com Servi\u00e7os Inclu\u00eddos em Pemba | Kaia Village\" \/>\n<meta property=\"og:description\" content=\"A Kaia Village \u00e9 um complexo de apartamentos que inclui um leque de servi\u00e7os completo, localizado num condom\u00ednio de 4 hectares em Pemba, no norte de Mo\u00e7ambique.\" \/>\n<meta property=\"og:url\" content=\"https:\/\/kaiavillage.com\/pt-pt\/\" \/>\n<meta property=\"og:site_name\" content=\"KAIA\" \/>\n<meta property=\"article:modified_time\" content=\"2016-05-24T13:28:27+00:00\" \/>\n<meta name=\"twitter:card\" content=\"summary_large_image\" \/>\n<script type=\"application\/ld+json\" class=\"yoast-schema-graph\">{\"@context\":\"https:\\\/\\\/schema.org\",\"@graph\":[{\"@type\":\"WebPage\",\"@id\":\"https:\\\/\\\/kaiavillage.com\\\/pt-pt\\\/\",\"url\":\"https:\\\/\\\/kaiavillage.com\\\/pt-pt\\\/\",\"name\":\"Alojamento de Excel\u00eancia com Servi\u00e7os Inclu\u00eddos em Pemba | Kaia Village\",\"isPartOf\":{\"@id\":\"https:\\\/\\\/kaiavillage.com\\\/#website\"},\"datePublished\":\"2015-03-31T10:26:01+00:00\",\"dateModified\":\"2016-05-24T13:28:27+00:00\",\"description\":\"A Kaia Village \u00e9 um complexo de apartamentos que inclui um leque de servi\u00e7os completo, localizado num condom\u00ednio de 4 hectares em Pemba, no norte de Mo\u00e7ambique.\",\"breadcrumb\":{\"@id\":\"https:\\\/\\\/kaiavillage.com\\\/pt-pt\\\/#breadcrumb\"},\"inLanguage\":\"pt-PT\",\"potentialAction\":[{\"@type\":\"ReadAction\",\"target\":[\"https:\\\/\\\/kaiavillage.com\\\/pt-pt\\\/\"]}]},{\"@type\":\"BreadcrumbList\",\"@id\":\"https:\\\/\\\/kaiavillage.com\\\/pt-pt\\\/#breadcrumb\",\"itemListElement\":[{\"@type\":\"ListItem\",\"position\":1,\"name\":\"Home\",\"item\":\"https:\\\/\\\/kaiavillage.com\\\/pt-pt\\\/\"},{\"@type\":\"ListItem\",\"position\":2,\"name\":\"P\u00e1gina Inicial\"}]},{\"@type\":\"WebSite\",\"@id\":\"https:\\\/\\\/kaiavillage.com\\\/#website\",\"url\":\"https:\\\/\\\/kaiavillage.com\\\/\",\"name\":\"KAIA\",\"description\":\"\",\"potentialAction\":[{\"@type\":\"SearchAction\",\"target\":{\"@type\":\"EntryPoint\",\"urlTemplate\":\"https:\\\/\\\/kaiavillage.com\\\/?s={search_term_string}\"},\"query-input\":{\"@type\":\"PropertyValueSpecification\",\"valueRequired\":true,\"valueName\":\"search_term_string\"}}],\"inLanguage\":\"pt-PT\"}]}<\/script>\n<!-- \/ Yoast SEO plugin. -->","yoast_head_json":{"title":"Alojamento de Excel\u00eancia com Servi\u00e7os Inclu\u00eddos em Pemba | Kaia Village","description":"A Kaia Village \u00e9 um complexo de apartamentos que inclui um leque de servi\u00e7os completo, localizado num condom\u00ednio de 4 hectares em Pemba, no norte de Mo\u00e7ambique.","robots":{"index":"index","follow":"follow","max-snippet":"max-snippet:-1","max-image-preview":"max-image-preview:large","max-video-preview":"max-video-preview:-1"},"canonical":"https:\/\/kaiavillage.com\/pt-pt\/","og_locale":"pt_PT","og_type":"article","og_title":"Alojamento de Excel\u00eancia com Servi\u00e7os Inclu\u00eddos em Pemba | Kaia Village","og_description":"A Kaia Village \u00e9 um complexo de apartamentos que inclui um leque de servi\u00e7os completo, localizado num condom\u00ednio de 4 hectares em Pemba, no norte de Mo\u00e7ambique.","og_url":"https:\/\/kaiavillage.com\/pt-pt\/","og_site_name":"KAIA","article_modified_time":"2016-05-24T13:28:27+00:00","twitter_card":"summary_large_image","schema":{"@context":"https:\/\/schema.org","@graph":[{"@type":"WebPage","@id":"https:\/\/kaiavillage.com\/pt-pt\/","url":"https:\/\/kaiavillage.com\/pt-pt\/","name":"Alojamento de Excel\u00eancia com Servi\u00e7os Inclu\u00eddos em Pemba | Kaia Village","isPartOf":{"@id":"https:\/\/kaiavillage.com\/#website"},"datePublished":"2015-03-31T10:26:01+00:00","dateModified":"2016-05-24T13:28:27+00:00","description":"A Kaia Village \u00e9 um complexo de apartamentos que inclui um leque de servi\u00e7os completo, localizado num condom\u00ednio de 4 hectares em Pemba, no norte de Mo\u00e7ambique.","breadcrumb":{"@id":"https:\/\/kaiavillage.com\/pt-pt\/#breadcrumb"},"inLanguage":"pt-PT","potentialAction":[{"@type":"ReadAction","target":["https:\/\/kaiavillage.com\/pt-pt\/"]}]},{"@type":"BreadcrumbList","@id":"https:\/\/kaiavillage.com\/pt-pt\/#breadcrumb","itemListElement":[{"@type":"ListItem","position":1,"name":"Home","item":"https:\/\/kaiavillage.com\/pt-pt\/"},{"@type":"ListItem","position":2,"name":"P\u00e1gina Inicial"}]},{"@type":"WebSite","@id":"https:\/\/kaiavillage.com\/#website","url":"https:\/\/kaiavillage.com\/","name":"KAIA","description":"","potentialAction":[{"@type":"SearchAction","target":{"@type":"EntryPoint","urlTemplate":"https:\/\/kaiavillage.com\/?s={search_term_string}"},"query-input":{"@type":"PropertyValueSpecification","valueRequired":true,"valueName":"search_term_string"}}],"inLanguage":"pt-PT"}]}},"_links":{"self":[{"href":"https:\/\/kaiavillage.com\/pt-pt\/wp-json\/wp\/v2\/pages\/5323","targetHints":{"allow":["GET"]}}],"collection":[{"href":"https:\/\/kaiavillage.com\/pt-pt\/wp-json\/wp\/v2\/pages"}],"about":[{"href":"https:\/\/kaiavillage.com\/pt-pt\/wp-json\/wp\/v2\/types\/page"}],"author":[{"embeddable":true,"href":"https:\/\/kaiavillage.com\/pt-pt\/wp-json\/wp\/v2\/users\/1"}],"replies":[{"embeddable":true,"href":"https:\/\/kaiavillage.com\/pt-pt\/wp-json\/wp\/v2\/comments?post=5323"}],"version-history":[{"count":9,"href":"https:\/\/kaiavillage.com\/pt-pt\/wp-json\/wp\/v2\/pages\/5323\/revisions"}],"predecessor-version":[{"id":5428,"href":"https:\/\/kaiavillage.com\/pt-pt\/wp-json\/wp\/v2\/pages\/5323\/revisions\/5428"}],"wp:attachment":[{"href":"https:\/\/kaiavillage.com\/pt-pt\/wp-json\/wp\/v2\/media?parent=5323"}],"curies":[{"name":"wp","href":"https:\/\/api.w.org\/{rel}","templated":true}]}}